{"id":7,"date":"2021-04-13T17:35:27","date_gmt":"2021-04-13T15:35:27","guid":{"rendered":"http:\/\/pielegnacjakobiet.pl\/?page_id=7"},"modified":"2023-06-29T21:30:39","modified_gmt":"2023-06-29T19:30:39","slug":"o-nas","status":"publish","type":"page","link":"https:\/\/pielegnacjakobiet.pl\/index.php\/o-nas\/","title":{"rendered":"O mnie"},"content":{"rendered":"\n<figure class=\"wp-block-image size-large is-resized\"><img loading=\"lazy\" decoding=\"async\" src=\"http:\/\/pielegnacjakobiet.pl\/wp-content\/uploads\/2023\/06\/IMG_20230629_130834_288-1024x1024.jpg\" alt=\"\" class=\"wp-image-910\" width=\"217\" height=\"217\" srcset=\"https:\/\/pielegnacjakobiet.pl\/wp-content\/uploads\/2023\/06\/IMG_20230629_130834_288-1024x1024.jpg 1024w, https:\/\/pielegnacjakobiet.pl\/wp-content\/uploads\/2023\/06\/IMG_20230629_130834_288-300x300.jpg 300w, https:\/\/pielegnacjakobiet.pl\/wp-content\/uploads\/2023\/06\/IMG_20230629_130834_288-150x150.jpg 150w, https:\/\/pielegnacjakobiet.pl\/wp-content\/uploads\/2023\/06\/IMG_20230629_130834_288-768x768.jpg 768w, https:\/\/pielegnacjakobiet.pl\/wp-content\/uploads\/2023\/06\/IMG_20230629_130834_288-1536x1536.jpg 1536w, https:\/\/pielegnacjakobiet.pl\/wp-content\/uploads\/2023\/06\/IMG_20230629_130834_288-2048x2048.jpg 2048w\" sizes=\"auto, (max-width: 217px) 100vw, 217px\" \/><figcaption class=\"wp-element-caption\"><span style=\"background-color: rgba(110, 110, 110, 0.2);\"><b><br><\/b><\/span>Nazywam si\u0119 Ania Koli\u0144ska i zapraszam do wyj\u0105tkowego miejsca, jakim jest Gabinet Zdrowia i Piel\u0119gnacji Kobiet.<br>Gabinet otworzy\u0142am w 2014 roku. To miejsce, kt\u00f3re powsta\u0142o z mi\u0142o\u015bci, pasji oraz ch\u0119ci stworzenia gabinetu kosmetycznego, kt\u00f3ry b\u0119dzie miejscem wyciszenia, relaksu i piel\u0119gnacji zar\u00f3wno cia\u0142a jak i ducha. Zale\u017cy mi, aby ka\u017cdy zabieg odbywa\u0142 si\u0119 w wyj\u0105tkowym klimacie i przytulnych wn\u0119trzach.<br>Tytu\u0142 mgr kosmetologii uzyska\u0142am na Uniwersytecie Medycznym w Poznaniu. Swoj\u0105 wiedz\u0119 stale poszerzam na kursach i szkoleniach. W 2013 roku uko\u0144czy\u0142am tak\u017ce kurs terapii i masa\u017cu dla kobiet w ci\u0105\u017cy i niemowl\u0105t. Prac\u0119 kosmetologa staram si\u0119 \u0142\u0105czy\u0107 z naturalnymi metodami piel\u0119gnacji i zdrowia. T\u0119 mo\u017cliwo\u015b\u0107 daj\u0105 mi uko\u0144czone studia podyplomowe z zakresu zio\u0142olecznictwa.<br>Specjalizuj\u0119 si\u0119 w zabiegach piel\u0119gnacyjnych twarzy, cia\u0142a oraz masa\u017cach relaksacyjnych. W swojej pracy stawiam na profesjonalizm, a tak\u017ce indywidualne podej\u015bcie do ka\u017cdej klientki.<br>Zale\u017cy mi, aby ka\u017cda z pa\u0144 poczu\u0142a si\u0119 pi\u0119kna i wyj\u0105tkowa, by po ka\u017cdym zabiegu nie tylko sk\u00f3ra wygl\u0105da\u0142a promiennie, ale tak\u017ce na twarzy ka\u017cdej z Was pojawi\u0142 si\u0119 u\u015bmiech.<\/figcaption><\/figure>\n","protected":false},"excerpt":{"rendered":"","protected":false},"author":1,"featured_media":0,"parent":0,"menu_order":0,"comment_status":"closed","ping_status":"closed","template":"","meta":{"_coblocks_attr":"","_coblocks_dimensions":"","_coblocks_responsive_height":"","_coblocks_accordion_ie_support":"","hide_page_title":"","footnotes":""},"class_list":["post-7","page","type-page","status-publish","hentry"],"_links":{"self":[{"href":"https:\/\/pielegnacjakobiet.pl\/index.php\/wp-json\/wp\/v2\/pages\/7","targetHints":{"allow":["GET"]}}],"collection":[{"href":"https:\/\/pielegnacjakobiet.pl\/index.php\/wp-json\/wp\/v2\/pages"}],"about":[{"href":"https:\/\/pielegnacjakobiet.pl\/index.php\/wp-json\/wp\/v2\/types\/page"}],"author":[{"embeddable":true,"href":"https:\/\/pielegnacjakobiet.pl\/index.php\/wp-json\/wp\/v2\/users\/1"}],"replies":[{"embeddable":true,"href":"https:\/\/pielegnacjakobiet.pl\/index.php\/wp-json\/wp\/v2\/comments?post=7"}],"version-history":[{"count":34,"href":"https:\/\/pielegnacjakobiet.pl\/index.php\/wp-json\/wp\/v2\/pages\/7\/revisions"}],"predecessor-version":[{"id":912,"href":"https:\/\/pielegnacjakobiet.pl\/index.php\/wp-json\/wp\/v2\/pages\/7\/revisions\/912"}],"wp:attachment":[{"href":"https:\/\/pielegnacjakobiet.pl\/index.php\/wp-json\/wp\/v2\/media?parent=7"}],"curies":[{"name":"wp","href":"https:\/\/api.w.org\/{rel}","templated":true}]}}