{"id":13,"date":"2021-04-13T17:35:28","date_gmt":"2021-04-13T15:35:28","guid":{"rendered":"http:\/\/pielegnacjakobiet.pl\/?page_id=13"},"modified":"2025-07-30T11:36:47","modified_gmt":"2025-07-30T09:36:47","slug":"zabiegi-na-cialo","status":"publish","type":"page","link":"https:\/\/pielegnacjakobiet.pl\/index.php\/zabiegi-na-cialo\/","title":{"rendered":"ZABIEGI NA CIA\u0141O"},"content":{"rendered":"\n<h3 class=\"wp-block-heading\"><strong>Peeling ca\u0142ego cia\u0142a<\/strong><\/h3>\n\n\n\n<p>Aromatyczny peeling ca\u0142ego cia\u0142a dobierany indywidualnie do potrzeb sk\u00f3ry oraz oczekiwa\u0144 i upodoba\u0144 klienta. Zabieg doskonale z\u0142uszcza zrogowacia\u0142y nask\u00f3rek, od\u015bwie\u017ca, oczyszcza i regeneruje sk\u00f3r\u0119 przywracaj\u0105c jej blask i witalno\u015b\u0107.<\/p>\n\n\n\n<p><\/p>\n\n\n\n<p><strong>Czas trwania zabieg 30 minut<\/strong>\u00a0<strong>\u2013 Cena 100 z\u0142<\/strong>.<\/p>\n\n\n\n<p><\/p>\n\n\n\n<h3 class=\"wp-block-heading\"><strong>Peeling ca\u0142ego cia\u0142a po\u0142\u0105czony z masa\u017cem<\/strong><\/h3>\n\n\n\n<p>Zabieg doskonale z\u0142uszcza zrogowacia\u0142y nask\u00f3rek, od\u015bwie\u017ca, oczyszcza, regeneruje i nawil\u017ca sk\u00f3r\u0119 przywracaj\u0105c jej blask i witalno\u015b\u0107. <\/p>\n\n\n\n<p>Masa\u017c jest doskona\u0142\u0105 metod\u0105 na przywr\u00f3cenie r\u00f3wnowagi fizycznej i emocjonalnej. Dotyk, w po\u0142\u0105czeniu z aromaterapi\u0105 przynosi ukojenie, odpr\u0119\u017cenie, niweluje napi\u0119cia mi\u0119\u015bniowe, rozlu\u017ania i wycisza. Celem masa\u017cu jest przywr\u00f3cenie harmonii oraz wyciszenie cia\u0142a i umys\u0142u.<\/p>\n\n\n\n<p><\/p>\n\n\n\n<p><strong>Czas trwania zabiegu 90 minut \u2013 Cena 270 z\u0142<\/strong><\/p>\n\n\n\n<p><\/p>\n\n\n\n<h3 class=\"wp-block-heading\"><strong>Piel\u0119gnacyjny zabieg na cia\u0142o<\/strong><\/h3>\n\n\n\n<p>Aromatyczny zabieg na cia\u0142o odbudowuje i chroni nask\u00f3rek przynosz\u0105c intensywne i d\u0142ugotrwa\u0142e nawil\u017cenie, na przyk\u0142ad po ekspozycji na s\u0142o\u0144ce. Redukuje cellulit, od\u017cywia i dotlenia kom\u00f3rki sk\u00f3ry. Poprawia kr\u0105\u017cenie krwi pobudzaj\u0105c naturalne mechanizmy oczyszczaj\u0105co \u2013 drenuj\u0105ce. Zabieg sk\u0142ada si\u0119 z aromatycznego peelingu, na\u0142o\u017cenia regeneruj\u0105cej i od\u017cywczej maski na ca\u0142e cia\u0142o, masa\u017cu relaksacyjnego. Zabieg zapobiega sucho\u015bci i szorstko\u015bci sk\u00f3ry, od\u015bwie\u017ca, uj\u0119drnia i dodatkowo relaksuje oraz poprawia samopoczucie zwi\u0105zane ze stresem i zm\u0119czeniem.<\/p>\n\n\n\n<p>Zapach towarzysz\u0105cy zabiegowi jest indywidualnie dobierany przed zabiegiem. Dost\u0119pne aromaty s\u0105 zmieniane w zale\u017cno\u015bci od pory roku.<\/p>\n\n\n\n<p><\/p>\n\n\n\n<p><strong>\u00a0Czas trwanie zabiegu 90 minut (peeling ca\u0142ego cia\u0142a + nawil\u017caj\u0105ca maska + masa\u017c)\u00a0\u2013 Cena 270 z\u0142<\/strong><\/p>\n\n\n\n<h3 class=\"wp-block-heading\"><\/h3>\n","protected":false},"excerpt":{"rendered":"<p>Peeling ca\u0142ego cia\u0142a Aromatyczny peeling ca\u0142ego cia\u0142a dobierany indywidualnie do potrzeb sk\u00f3ry oraz oczekiwa\u0144 i upodoba\u0144 klienta. Zabieg doskonale z\u0142uszcza zrogowacia\u0142y nask\u00f3rek, od\u015bwie\u017ca, oczyszcza i regeneruje sk\u00f3r\u0119 przywracaj\u0105c jej blask i witalno\u015b\u0107. Czas trwania zabieg 30 minut\u00a0\u2013 Cena 100 z\u0142. Peeling ca\u0142ego cia\u0142a po\u0142\u0105czony z masa\u017cem Zabieg doskonale z\u0142uszcza zrogowacia\u0142y nask\u00f3rek, od\u015bwie\u017ca, oczyszcza, regeneruje i [&hellip;]<\/p>\n","protected":false},"author":1,"featured_media":0,"parent":0,"menu_order":0,"comment_status":"closed","ping_status":"closed","template":"","meta":{"_coblocks_attr":"","_coblocks_dimensions":"","_coblocks_responsive_height":"","_coblocks_accordion_ie_support":"","hide_page_title":"","footnotes":""},"class_list":["post-13","page","type-page","status-publish","hentry"],"_links":{"self":[{"href":"https:\/\/pielegnacjakobiet.pl\/index.php\/wp-json\/wp\/v2\/pages\/13","targetHints":{"allow":["GET"]}}],"collection":[{"href":"https:\/\/pielegnacjakobiet.pl\/index.php\/wp-json\/wp\/v2\/pages"}],"about":[{"href":"https:\/\/pielegnacjakobiet.pl\/index.php\/wp-json\/wp\/v2\/types\/page"}],"author":[{"embeddable":true,"href":"https:\/\/pielegnacjakobiet.pl\/index.php\/wp-json\/wp\/v2\/users\/1"}],"replies":[{"embeddable":true,"href":"https:\/\/pielegnacjakobiet.pl\/index.php\/wp-json\/wp\/v2\/comments?post=13"}],"version-history":[{"count":21,"href":"https:\/\/pielegnacjakobiet.pl\/index.php\/wp-json\/wp\/v2\/pages\/13\/revisions"}],"predecessor-version":[{"id":990,"href":"https:\/\/pielegnacjakobiet.pl\/index.php\/wp-json\/wp\/v2\/pages\/13\/revisions\/990"}],"wp:attachment":[{"href":"https:\/\/pielegnacjakobiet.pl\/index.php\/wp-json\/wp\/v2\/media?parent=13"}],"curies":[{"name":"wp","href":"https:\/\/api.w.org\/{rel}","templated":true}]}}